{"id":33,"date":"2024-02-20T20:47:16","date_gmt":"2024-02-20T20:47:16","guid":{"rendered":"https:\/\/treize.vip\/exemple-de-page\/"},"modified":"2024-09-12T18:04:37","modified_gmt":"2024-09-12T18:04:37","slug":"exemple-de-page","status":"publish","type":"page","link":"https:\/\/treize.vip\/fr\/exemple-de-page\/","title":{"rendered":"Exemple de page"},"content":{"rendered":"<p>[thc module=\u00a0\u00bbhosting-reseller-pricing-table\u00a0\u00bb]<\/p>\n\n<blockquote class=\"wp-block-quote is-layout-flow wp-block-quote-is-layout-flow\">\n<p>Bonjour \u00e0 tous !\nJe suis coursier \u00e0 v\u00e9lo le jour, acteur en herbe la nuit, et ceci est mon site web.\nJe vis \u00e0 Los Angeles, j&rsquo;ai un super chien qui s&rsquo;appelle Jack et j&rsquo;aime les pi\u00f1a coladas.\n(Et me faire surprendre par la pluie.)   <\/p>\n<\/blockquote>\n\n<p>&#8230;ou quelque chose comme \u00e7a :<\/p>\n\n<blockquote class=\"wp-block-quote is-layout-flow wp-block-quote-is-layout-flow\">\n<p>La soci\u00e9t\u00e9 XYZ Doohickey Company a \u00e9t\u00e9 fond\u00e9e en 1971 et fournit depuis lors des doohickeys de qualit\u00e9 au public.\nSitu\u00e9e \u00e0 Gotham City, XYZ emploie plus de 2 000 personnes et fait toutes sortes de choses g\u00e9niales pour la communaut\u00e9 de Gotham. <\/p>\n<\/blockquote>\n\n<p>En tant que nouvel utilisateur de WordPress, vous devriez aller dans <a href=\"https:\/\/treize.vip\/wp-admin\/\">votre tableau de bord<\/a> pour supprimer cette page et cr\u00e9er de nouvelles pages pour votre contenu.\nAmusez-vous bien ! <\/p>\n","protected":false},"excerpt":{"rendered":"<p>Bonjour \u00e0 tous ! Je suis coursier \u00e0 v\u00e9lo le jour, acteur en herbe la nuit, et ceci est mon site web. Je vis \u00e0 Los Angeles, j&rsquo;ai un super chien qui s&rsquo;appelle Jack et j&rsquo;aime les pi\u00f1a coladas. (Et me faire surprendre par la pluie.) &#8230;ou quelque chose comme \u00e7a : La soci\u00e9t\u00e9 XYZ [&hellip;]<\/p>\n","protected":false},"author":1,"featured_media":0,"parent":0,"menu_order":0,"comment_status":"closed","ping_status":"open","template":"","meta":{"footnotes":""},"class_list":["post-33","page","type-page","status-publish","hentry"],"_links":{"self":[{"href":"https:\/\/treize.vip\/fr\/wp-json\/wp\/v2\/pages\/33","targetHints":{"allow":["GET"]}}],"collection":[{"href":"https:\/\/treize.vip\/fr\/wp-json\/wp\/v2\/pages"}],"about":[{"href":"https:\/\/treize.vip\/fr\/wp-json\/wp\/v2\/types\/page"}],"author":[{"embeddable":true,"href":"https:\/\/treize.vip\/fr\/wp-json\/wp\/v2\/users\/1"}],"replies":[{"embeddable":true,"href":"https:\/\/treize.vip\/fr\/wp-json\/wp\/v2\/comments?post=33"}],"version-history":[{"count":0,"href":"https:\/\/treize.vip\/fr\/wp-json\/wp\/v2\/pages\/33\/revisions"}],"wp:attachment":[{"href":"https:\/\/treize.vip\/fr\/wp-json\/wp\/v2\/media?parent=33"}],"curies":[{"name":"wp","href":"https:\/\/api.w.org\/{rel}","templated":true}]}}