{"id":56,"date":"2024-09-18T18:48:19","date_gmt":"2024-09-18T18:48:19","guid":{"rendered":"https:\/\/treize.vip\/samples-pagios\/"},"modified":"2024-09-18T18:54:31","modified_gmt":"2024-09-18T18:54:31","slug":"samples-pagios","status":"publish","type":"page","link":"https:\/\/treize.vip\/es_mx\/samples-pagios\/","title":{"rendered":"Samples pagios"},"content":{"rendered":"\n<p>En TREIZE, creemos que cada sitio web no solo debe verse bien, sino tambi\u00e9n ofrecer un rendimiento excepcional. Nuestra misi\u00f3n es ayudar a las empresas a prosperar en el mundo digital creando sitios web personalizados que respondan a sus necesidades \u00fanicas. Nos especializamos en diversas \u00e1reas, desde el dise\u00f1o y desarrollo web hasta la optimizaci\u00f3n SEO, asegurando que su sitio web destaque en los resultados de b\u00fasqueda y atraiga eficazmente a su audiencia.  <\/p>\n\n<p>MEXICO Nuestro equipo de expertos trabaja en estrecha colaboraci\u00f3n con los clientes para comprender sus objetivos, brindando estrategias y soluciones personalizadas. Tambi\u00e9n nos aseguramos de que los sitios web sean f\u00e1ciles de gestionar, para que las empresas puedan mantenerlos actualizados sin esfuerzo. <\/p>\n\n<p>Adem\u00e1s, nos comprometemos a mantenernos al d\u00eda con las \u00faltimas tecnolog\u00edas y tendencias web. Esto nos permite construir sitios a prueba de futuro que puedan adaptarse a medida que su negocio crezca. Ya sea que necesite un sitio multiling\u00fce, integraciones complejas o simplemente un dise\u00f1o simple y elegante, TREIZE tiene la experiencia para cumplir.  <\/p>\n","protected":false},"excerpt":{"rendered":"<p>En TREIZE, creemos que cada sitio web no solo debe verse bien, sino tambi\u00e9n ofrecer un rendimiento excepcional. Nuestra misi\u00f3n es ayudar a las empresas a prosperar en el mundo digital creando sitios web personalizados que respondan a sus necesidades \u00fanicas. Nos especializamos en diversas \u00e1reas, desde el dise\u00f1o y desarrollo web hasta la optimizaci\u00f3n [&hellip;]<\/p>\n","protected":false},"author":1,"featured_media":0,"parent":0,"menu_order":0,"comment_status":"closed","ping_status":"closed","template":"","meta":{"footnotes":""},"class_list":["post-56","page","type-page","status-publish","hentry"],"_links":{"self":[{"href":"https:\/\/treize.vip\/es_mx\/wp-json\/wp\/v2\/pages\/56","targetHints":{"allow":["GET"]}}],"collection":[{"href":"https:\/\/treize.vip\/es_mx\/wp-json\/wp\/v2\/pages"}],"about":[{"href":"https:\/\/treize.vip\/es_mx\/wp-json\/wp\/v2\/types\/page"}],"author":[{"embeddable":true,"href":"https:\/\/treize.vip\/es_mx\/wp-json\/wp\/v2\/users\/1"}],"replies":[{"embeddable":true,"href":"https:\/\/treize.vip\/es_mx\/wp-json\/wp\/v2\/comments?post=56"}],"version-history":[{"count":0,"href":"https:\/\/treize.vip\/es_mx\/wp-json\/wp\/v2\/pages\/56\/revisions"}],"wp:attachment":[{"href":"https:\/\/treize.vip\/es_mx\/wp-json\/wp\/v2\/media?parent=56"}],"curies":[{"name":"wp","href":"https:\/\/api.w.org\/{rel}","templated":true}]}}