{"id":44,"date":"2024-08-15T20:42:04","date_gmt":"2024-08-15T20:42:04","guid":{"rendered":"https:\/\/treize.vip\/acerca-de\/"},"modified":"2024-09-12T19:00:57","modified_gmt":"2024-09-12T19:00:57","slug":"acerca-de","status":"publish","type":"page","link":"https:\/\/treize.vip\/es\/acerca-de\/","title":{"rendered":"Acerca de"},"content":{"rendered":"\n<p>ES_ES \u00a1Hola! Soy mensajero en bicicleta de d\u00eda, aspirante a actor de noche, y \u00e9ste es mi sitio web. Vivo en Los \u00c1ngeles, tengo un perro estupendo llamado Jack y me gustan las pi\u00f1as coladas. (Y que me pille la lluvia).   <\/p>\n","protected":false},"excerpt":{"rendered":"<p>ES_ES \u00a1Hola! Soy mensajero en bicicleta de d\u00eda, aspirante a actor de noche, y \u00e9ste es mi sitio web. Vivo en Los \u00c1ngeles, tengo un perro estupendo llamado Jack y me gustan las pi\u00f1as coladas. (Y que me pille la lluvia).<\/p>\n","protected":false},"author":1,"featured_media":0,"parent":0,"menu_order":10,"comment_status":"closed","ping_status":"closed","template":"","meta":{"footnotes":""},"class_list":["post-44","page","type-page","status-publish","hentry"],"_links":{"self":[{"href":"https:\/\/treize.vip\/es\/wp-json\/wp\/v2\/pages\/44","targetHints":{"allow":["GET"]}}],"collection":[{"href":"https:\/\/treize.vip\/es\/wp-json\/wp\/v2\/pages"}],"about":[{"href":"https:\/\/treize.vip\/es\/wp-json\/wp\/v2\/types\/page"}],"author":[{"embeddable":true,"href":"https:\/\/treize.vip\/es\/wp-json\/wp\/v2\/users\/1"}],"replies":[{"embeddable":true,"href":"https:\/\/treize.vip\/es\/wp-json\/wp\/v2\/comments?post=44"}],"version-history":[{"count":0,"href":"https:\/\/treize.vip\/es\/wp-json\/wp\/v2\/pages\/44\/revisions"}],"wp:attachment":[{"href":"https:\/\/treize.vip\/es\/wp-json\/wp\/v2\/media?parent=44"}],"curies":[{"name":"wp","href":"https:\/\/api.w.org\/{rel}","templated":true}]}}