{"id":32,"date":"2024-02-20T20:47:16","date_gmt":"2024-02-20T20:47:16","guid":{"rendered":"https:\/\/treize.vip\/pagina-de-muestra\/"},"modified":"2024-09-12T18:04:01","modified_gmt":"2024-09-12T18:04:01","slug":"pagina-de-muestra","status":"publish","type":"page","link":"https:\/\/treize.vip\/es\/pagina-de-muestra\/","title":{"rendered":"P\u00e1gina de muestra"},"content":{"rendered":"<p>[thc module=\u00bbhosting-reseller-pricing-table\u00bb]<\/p>\n\n<blockquote class=\"wp-block-quote is-layout-flow wp-block-quote-is-layout-flow\">\n<p>\u00a1Hola!\nSoy mensajero en bicicleta de d\u00eda, aspirante a actor de noche, y \u00e9ste es mi sitio web.\nVivo en Los \u00c1ngeles, tengo un perro estupendo llamado Jack y me gustan las pi\u00f1as coladas.\n(Y que me pille la lluvia).   <\/p>\n<\/blockquote>\n\n<p>&#8230;o algo as\u00ed:<\/p>\n\n<blockquote class=\"wp-block-quote is-layout-flow wp-block-quote-is-layout-flow\">\n<p>La empresa XYZ Doohickey Company se fund\u00f3 en 1971, y desde entonces suministra doohickeys de calidad al p\u00fablico.\nSituada en Gotham City, XYZ emplea a m\u00e1s de 2.000 personas y hace todo tipo de cosas incre\u00edbles para la comunidad de Gotham. <\/p>\n<\/blockquote>\n\n<p>Como nuevo usuario de WordPress, debes ir a <a href=\"https:\/\/treize.vip\/wp-admin\/\">tu panel de control<\/a> para eliminar esta p\u00e1gina y crear nuevas p\u00e1ginas para tu contenido.\n\u00a1Divi\u00e9rtete! <\/p>\n","protected":false},"excerpt":{"rendered":"<p>\u00a1Hola! Soy mensajero en bicicleta de d\u00eda, aspirante a actor de noche, y \u00e9ste es mi sitio web. Vivo en Los \u00c1ngeles, tengo un perro estupendo llamado Jack y me gustan las pi\u00f1as coladas. (Y que me pille la lluvia). &#8230;o algo as\u00ed: La empresa XYZ Doohickey Company se fund\u00f3 en 1971, y desde entonces [&hellip;]<\/p>\n","protected":false},"author":1,"featured_media":0,"parent":0,"menu_order":0,"comment_status":"closed","ping_status":"open","template":"","meta":{"footnotes":""},"class_list":["post-32","page","type-page","status-publish","hentry"],"_links":{"self":[{"href":"https:\/\/treize.vip\/es\/wp-json\/wp\/v2\/pages\/32","targetHints":{"allow":["GET"]}}],"collection":[{"href":"https:\/\/treize.vip\/es\/wp-json\/wp\/v2\/pages"}],"about":[{"href":"https:\/\/treize.vip\/es\/wp-json\/wp\/v2\/types\/page"}],"author":[{"embeddable":true,"href":"https:\/\/treize.vip\/es\/wp-json\/wp\/v2\/users\/1"}],"replies":[{"embeddable":true,"href":"https:\/\/treize.vip\/es\/wp-json\/wp\/v2\/comments?post=32"}],"version-history":[{"count":0,"href":"https:\/\/treize.vip\/es\/wp-json\/wp\/v2\/pages\/32\/revisions"}],"wp:attachment":[{"href":"https:\/\/treize.vip\/es\/wp-json\/wp\/v2\/media?parent=32"}],"curies":[{"name":"wp","href":"https:\/\/api.w.org\/{rel}","templated":true}]}}